{"id":2722,"date":"2019-07-29T08:01:05","date_gmt":"2019-07-29T08:01:05","guid":{"rendered":"https:\/\/vanessaruhtz.de\/imprint\/"},"modified":"2019-10-21T09:52:58","modified_gmt":"2019-10-21T09:52:58","slug":"imprint","status":"publish","type":"page","link":"https:\/\/vanessa-ruhtz.de\/en\/imprint\/","title":{"rendered":"Imprint"},"content":{"rendered":"\t\t<div data-elementor-type=\"wp-post\" data-elementor-id=\"2722\" class=\"elementor elementor-2722 elementor-1173\">\n\t\t\t\t\t\t<div class=\"elementor-inner\">\n\t\t\t\t<div class=\"elementor-section-wrap\">\n\t\t\t\t\t\t\t\t\t<section class=\"elementor-section elementor-top-section elementor-element elementor-element-4ed28d10 elementor-section-full_width elementor-section-height-min-height elementor-section-content-top elementor-section-stretched elementor-section-height-default elementor-section-items-middle\" data-id=\"4ed28d10\" data-element_type=\"section\" data-settings=\"{&quot;background_background&quot;:&quot;classic&quot;,&quot;background_motion_fx_motion_fx_scrolling&quot;:&quot;yes&quot;,&quot;background_motion_fx_translateY_effect&quot;:&quot;yes&quot;,&quot;background_motion_fx_translateY_direction&quot;:&quot;negative&quot;,&quot;background_motion_fx_translateY_speed&quot;:{&quot;unit&quot;:&quot;px&quot;,&quot;size&quot;:6.1,&quot;sizes&quot;:[]},&quot;background_motion_fx_scale_effect&quot;:&quot;yes&quot;,&quot;background_motion_fx_scale_speed&quot;:{&quot;unit&quot;:&quot;px&quot;,&quot;size&quot;:5,&quot;sizes&quot;:[]},&quot;background_motion_fx_scale_range&quot;:{&quot;unit&quot;:&quot;%&quot;,&quot;size&quot;:&quot;&quot;,&quot;sizes&quot;:{&quot;start&quot;:45,&quot;end&quot;:100}},&quot;stretch_section&quot;:&quot;section-stretched&quot;,&quot;background_motion_fx_translateY_affectedRange&quot;:{&quot;unit&quot;:&quot;%&quot;,&quot;size&quot;:&quot;&quot;,&quot;sizes&quot;:{&quot;start&quot;:0,&quot;end&quot;:100}},&quot;background_motion_fx_scale_direction&quot;:&quot;out-in&quot;,&quot;background_motion_fx_devices&quot;:[&quot;desktop&quot;,&quot;tablet&quot;,&quot;mobile&quot;]}\">\n\t\t\t\t\t\t<div class=\"elementor-container elementor-column-gap-default\">\n\t\t\t\t\t\t\t<div class=\"elementor-row\">\n\t\t\t\t\t<div class=\"elementor-column elementor-col-50 elementor-top-column elementor-element elementor-element-55d4f741\" data-id=\"55d4f741\" data-element_type=\"column\" data-settings=\"{&quot;background_background&quot;:&quot;classic&quot;,&quot;background_motion_fx_motion_fx_scrolling&quot;:&quot;yes&quot;,&quot;background_motion_fx_devices&quot;:[&quot;desktop&quot;,&quot;tablet&quot;,&quot;mobile&quot;]}\">\n\t\t\t<div class=\"elementor-column-wrap elementor-element-populated\">\n\t\t\t\t\t\t\t<div class=\"elementor-widget-wrap\">\n\t\t\t\t\t\t<div class=\"elementor-element elementor-element-cc1e956 elementor-widget elementor-widget-spacer\" data-id=\"cc1e956\" data-element_type=\"widget\" data-widget_type=\"spacer.default\">\n\t\t\t\t<div class=\"elementor-widget-container\">\n\t\t\t\t\t<div class=\"elementor-spacer\">\n\t\t\t<div class=\"elementor-spacer-inner\"><\/div>\n\t\t<\/div>\n\t\t\t\t<\/div>\n\t\t\t\t<\/div>\n\t\t\t\t\t\t<\/div>\n\t\t\t\t\t<\/div>\n\t\t<\/div>\n\t\t\t\t<div class=\"elementor-column elementor-col-50 elementor-top-column elementor-element elementor-element-6bd2038f elementor-hidden-phone\" data-id=\"6bd2038f\" data-element_type=\"column\">\n\t\t\t<div class=\"elementor-column-wrap elementor-element-populated\">\n\t\t\t\t\t\t\t<div class=\"elementor-widget-wrap\">\n\t\t\t\t\t\t<div class=\"elementor-element elementor-element-26be6618 elementor-widget-tablet__width-initial elementor-absolute elementor-widget elementor-widget-heading\" data-id=\"26be6618\" data-element_type=\"widget\" data-settings=\"{&quot;motion_fx_motion_fx_scrolling&quot;:&quot;yes&quot;,&quot;_position&quot;:&quot;absolute&quot;,&quot;motion_fx_devices&quot;:[&quot;desktop&quot;,&quot;tablet&quot;,&quot;mobile&quot;]}\" data-widget_type=\"heading.default\">\n\t\t\t\t<div class=\"elementor-widget-container\">\n\t\t\t<h1 class=\"elementor-heading-title elementor-size-default\">Imprint<\/h1>\t\t<\/div>\n\t\t\t\t<\/div>\n\t\t\t\t\t\t<\/div>\n\t\t\t\t\t<\/div>\n\t\t<\/div>\n\t\t\t\t\t\t\t\t<\/div>\n\t\t\t\t\t<\/div>\n\t\t<\/section>\n\t\t\t\t<section class=\"elementor-section elementor-top-section elementor-element elementor-element-4291e1f elementor-section-boxed elementor-section-height-default elementor-section-height-default\" data-id=\"4291e1f\" data-element_type=\"section\">\n\t\t\t\t\t\t<div class=\"elementor-container elementor-column-gap-default\">\n\t\t\t\t\t\t\t<div class=\"elementor-row\">\n\t\t\t\t\t<div class=\"elementor-column elementor-col-100 elementor-top-column elementor-element elementor-element-486de97\" data-id=\"486de97\" data-element_type=\"column\">\n\t\t\t<div class=\"elementor-column-wrap elementor-element-populated\">\n\t\t\t\t\t\t\t<div class=\"elementor-widget-wrap\">\n\t\t\t\t\t\t<div class=\"elementor-element elementor-element-1151840 elementor-widget elementor-widget-spacer\" data-id=\"1151840\" data-element_type=\"widget\" data-widget_type=\"spacer.default\">\n\t\t\t\t<div class=\"elementor-widget-container\">\n\t\t\t\t\t<div class=\"elementor-spacer\">\n\t\t\t<div class=\"elementor-spacer-inner\"><\/div>\n\t\t<\/div>\n\t\t\t\t<\/div>\n\t\t\t\t<\/div>\n\t\t\t\t<div class=\"elementor-element elementor-element-17ab9e2 elementor-widget elementor-widget-text-editor\" data-id=\"17ab9e2\" data-element_type=\"widget\" data-widget_type=\"text-editor.default\">\n\t\t\t\t<div class=\"elementor-widget-container\">\n\t\t\t\t\t\t\t\t<div class=\"elementor-text-editor elementor-clearfix\">\n\t\t\t\t<h2>Imprint<\/h2><p>Information according to \u00a7 5 TMG<br \/>Vanessa Ruhtz<br \/>Lange Reihe 29<br \/>20099 Hamburg<\/p><h3>Contact us<\/h3><p><a href=\"mailto:contact@vanessa-ruhtz.de\">Phone: +49 (0) 173 9241005<br \/>E-mail: contact@vanessa-ruhtz.de<\/a><\/p><h3>Dispute resolution<\/h3><p>The European Commission provides a platform for online dispute resolution (OS):<br \/><a href=\"https:\/\/ec.europa.eu\/consumers\/odr\">https:\/\/ec.europa.eu\/consumers\/odr<\/a><br \/>You can find our e-mail address in the imprint above. We are not willing or obliged to participate in dispute resolution proceedings before a consumer redress body.<\/p><h3>Liability for content<\/h3><p>As a service provider we are responsible according to \u00a7 7 Abs.1 TMG for our own contents on these pages according to the general laws. According to \u00a7\u00a7 8 to 10 TMG, we are not obliged as a service provider to monitor transmitted or stored third-party information or, under certain circumstances, to<br \/>that indicate illegal activity. Obligations to remove or block the use of information in accordance with general laws remain unaffected by this. Any liability in this regard, however, is only possible from the time of knowledge of a concrete violation of the law. As soon as we become aware of such infringements, we will remove the content immediately.<\/p><h3>Liability for links<\/h3><p>Our offer contains links to external websites of third parties on whose contents we have no influence. Therefore, we cannot assume any liability for these external contents. The respective provider or operator of the pages is always responsible for the contents of the linked pages. The linked pages were checked for possible legal infringements at the time of linking. Illegal contents were not recognizable at the time of linking. A permanent control of the contents of the linked pages is not reasonable without concrete evidence of an infringement. As soon as we become aware of any legal infringements, we will remove such links immediately.<\/p><h3>Copyright<\/h3><p>The contents and works on these pages created by the site operators are subject to German copyright law. Duplication, processing, distribution and any form of commercialization of such material beyond the scope of the copyright law shall require the prior written consent of its respective author or creator. Downloads and copies of these pages are only permitted for private, non-commercial use. Insofar as the content on this site was not created by the operator, the copyrights of third parties are respected. In particular, contents of third parties are marked as such. Should you nevertheless become aware of a copyright infringement, please inform us accordingly. As soon as we become aware of any infringements, we will remove such content immediately.<\/p><h3>Photos<\/h3><p>Home &amp; Profil: John M. John; Unternehmen: jack-anstey,unsplash; Life Coaching: Paula May; Kontakt: Eva Tiid; Papier: Brandi Redd, unsplash; Gletscher: Shutterstock_1015042633; DSGVO &amp; Impressum: Vanessa Ruhtz<\/p><h3>Design<\/h3><p>Maria-Isabel Werner, <a href=\"http:\/\/www.yellyscreen.de\">www.yellyscreen.de<\/a><\/p><p>Quelle:<br \/><a href=\"https:\/\/www.e-recht24.de\/\">eLaw24\u00a0<\/a><\/p>\t\t\t\t\t<\/div>\n\t\t\t\t\t\t<\/div>\n\t\t\t\t<\/div>\n\t\t\t\t\t\t<\/div>\n\t\t\t\t\t<\/div>\n\t\t<\/div>\n\t\t\t\t\t\t\t\t<\/div>\n\t\t\t\t\t<\/div>\n\t\t<\/section>\n\t\t\t\t<section class=\"elementor-section elementor-top-section elementor-element elementor-element-e7c2d04 elementor-section-boxed elementor-section-height-default elementor-section-height-default\" data-id=\"e7c2d04\" data-element_type=\"section\" data-settings=\"{&quot;background_background&quot;:&quot;classic&quot;}\">\n\t\t\t\t\t\t<div class=\"elementor-container elementor-column-gap-default\">\n\t\t\t\t\t\t\t<div class=\"elementor-row\">\n\t\t\t\t\t<div class=\"elementor-column elementor-col-50 elementor-top-column elementor-element elementor-element-aec778d\" data-id=\"aec778d\" data-element_type=\"column\">\n\t\t\t<div class=\"elementor-column-wrap elementor-element-populated\">\n\t\t\t\t\t\t\t<div class=\"elementor-widget-wrap\">\n\t\t\t\t\t\t<div class=\"elementor-element elementor-element-af61969 elementor-widget elementor-widget-spacer\" data-id=\"af61969\" data-element_type=\"widget\" data-widget_type=\"spacer.default\">\n\t\t\t\t<div class=\"elementor-widget-container\">\n\t\t\t\t\t<div class=\"elementor-spacer\">\n\t\t\t<div class=\"elementor-spacer-inner\"><\/div>\n\t\t<\/div>\n\t\t\t\t<\/div>\n\t\t\t\t<\/div>\n\t\t\t\t\t\t<\/div>\n\t\t\t\t\t<\/div>\n\t\t<\/div>\n\t\t\t\t<div class=\"elementor-column elementor-col-50 elementor-top-column elementor-element elementor-element-070736a\" data-id=\"070736a\" data-element_type=\"column\">\n\t\t\t<div class=\"elementor-column-wrap\">\n\t\t\t\t\t\t\t<div class=\"elementor-widget-wrap\">\n\t\t\t\t\t\t\t\t<\/div>\n\t\t\t\t\t<\/div>\n\t\t<\/div>\n\t\t\t\t\t\t\t\t<\/div>\n\t\t\t\t\t<\/div>\n\t\t<\/section>\n\t\t\t\t<section class=\"elementor-section elementor-inner-section elementor-element elementor-element-264ef559 elementor-section-boxed elementor-section-height-default elementor-section-height-default\" data-id=\"264ef559\" data-element_type=\"section\" data-settings=\"{&quot;background_background&quot;:&quot;classic&quot;}\">\n\t\t\t\t\t\t<div class=\"elementor-container elementor-column-gap-no\">\n\t\t\t\t\t\t\t<div class=\"elementor-row\">\n\t\t\t\t\t<div class=\"elementor-column elementor-col-33 elementor-inner-column elementor-element elementor-element-2c8f254f\" data-id=\"2c8f254f\" data-element_type=\"column\">\n\t\t\t<div class=\"elementor-column-wrap elementor-element-populated\">\n\t\t\t\t\t\t\t<div class=\"elementor-widget-wrap\">\n\t\t\t\t\t\t<div class=\"elementor-element elementor-element-47c29ddf elementor-widget elementor-widget-heading\" data-id=\"47c29ddf\" data-element_type=\"widget\" data-widget_type=\"heading.default\">\n\t\t\t\t<div class=\"elementor-widget-container\">\n\t\t\t<h4 class=\"elementor-heading-title elementor-size-default\">Contact<\/h4>\t\t<\/div>\n\t\t\t\t<\/div>\n\t\t\t\t<div class=\"elementor-element elementor-element-3f4bcbac elementor-widget elementor-widget-text-editor\" data-id=\"3f4bcbac\" data-element_type=\"widget\" data-widget_type=\"text-editor.default\">\n\t\t\t\t<div class=\"elementor-widget-container\">\n\t\t\t\t\t\t\t\t<div class=\"elementor-text-editor elementor-clearfix\">\n\t\t\t\t<p>Vanessa Ruhtz<\/p>\n<p>Phone: +49 173 924 10 05<\/p>\n<p>Email: <a href=\"mailto:kontakt@vanessa-ruhtz.de\">contact@vanessa-ruhtz.de<\/a><\/p>\n\t\t\t\t\t<\/div>\n\t\t\t\t\t\t<\/div>\n\t\t\t\t<\/div>\n\t\t\t\t<div class=\"elementor-element elementor-element-653eba32 elementor-widget elementor-widget-spacer\" data-id=\"653eba32\" data-element_type=\"widget\" data-widget_type=\"spacer.default\">\n\t\t\t\t<div class=\"elementor-widget-container\">\n\t\t\t\t\t<div class=\"elementor-spacer\">\n\t\t\t<div class=\"elementor-spacer-inner\"><\/div>\n\t\t<\/div>\n\t\t\t\t<\/div>\n\t\t\t\t<\/div>\n\t\t\t\t\t\t<\/div>\n\t\t\t\t\t<\/div>\n\t\t<\/div>\n\t\t\t\t<div class=\"elementor-column elementor-col-33 elementor-inner-column elementor-element elementor-element-29fa72da\" data-id=\"29fa72da\" data-element_type=\"column\">\n\t\t\t<div class=\"elementor-column-wrap elementor-element-populated\">\n\t\t\t\t\t\t\t<div class=\"elementor-widget-wrap\">\n\t\t\t\t\t\t<div class=\"elementor-element elementor-element-4a7323fa elementor-widget elementor-widget-heading\" data-id=\"4a7323fa\" data-element_type=\"widget\" data-widget_type=\"heading.default\">\n\t\t\t\t<div class=\"elementor-widget-container\">\n\t\t\t<h4 class=\"elementor-heading-title elementor-size-small\">Links<\/h4>\t\t<\/div>\n\t\t\t\t<\/div>\n\t\t\t\t<div class=\"elementor-element elementor-element-746c8c90 elementor-widget elementor-widget-text-editor\" data-id=\"746c8c90\" data-element_type=\"widget\" data-widget_type=\"text-editor.default\">\n\t\t\t\t<div class=\"elementor-widget-container\">\n\t\t\t\t\t\t\t\t<div class=\"elementor-text-editor elementor-clearfix\">\n\t\t\t\t<p><a href=\"https:\/\/vanessa-ruhtz.de\/en\/\">Home<\/a><\/p><p><a href=\"https:\/\/vanessa-ruhtz.de\/en\/company\/\">Organizations<\/a><\/p><p><a href=\"https:\/\/vanessa-ruhtz.de\/en\/life-coaching-for-private-individuals\/\">Individuals<\/a><\/p><p><a href=\"https:\/\/vanessa-ruhtz.de\/en\/profile\/\">Profile<\/a><\/p><p><a href=\"https:\/\/vanessa-ruhtz.de\/en\/contact\/\">Contact<\/a><\/p>\t\t\t\t\t<\/div>\n\t\t\t\t\t\t<\/div>\n\t\t\t\t<\/div>\n\t\t\t\t<div class=\"elementor-element elementor-element-19ad847d elementor-widget elementor-widget-spacer\" data-id=\"19ad847d\" data-element_type=\"widget\" data-widget_type=\"spacer.default\">\n\t\t\t\t<div class=\"elementor-widget-container\">\n\t\t\t\t\t<div class=\"elementor-spacer\">\n\t\t\t<div class=\"elementor-spacer-inner\"><\/div>\n\t\t<\/div>\n\t\t\t\t<\/div>\n\t\t\t\t<\/div>\n\t\t\t\t\t\t<\/div>\n\t\t\t\t\t<\/div>\n\t\t<\/div>\n\t\t\t\t<div class=\"elementor-column elementor-col-33 elementor-inner-column elementor-element elementor-element-3b9890cd\" data-id=\"3b9890cd\" data-element_type=\"column\">\n\t\t\t<div class=\"elementor-column-wrap elementor-element-populated\">\n\t\t\t\t\t\t\t<div class=\"elementor-widget-wrap\">\n\t\t\t\t\t\t<div class=\"elementor-element elementor-element-3efab234 elementor-widget elementor-widget-heading\" data-id=\"3efab234\" data-element_type=\"widget\" data-widget_type=\"heading.default\">\n\t\t\t\t<div class=\"elementor-widget-container\">\n\t\t\t<h4 class=\"elementor-heading-title elementor-size-medium\">Important<\/h4>\t\t<\/div>\n\t\t\t\t<\/div>\n\t\t\t\t<div class=\"elementor-element elementor-element-5c4ce2d6 elementor-widget elementor-widget-text-editor\" data-id=\"5c4ce2d6\" data-element_type=\"widget\" data-widget_type=\"text-editor.default\">\n\t\t\t\t<div class=\"elementor-widget-container\">\n\t\t\t\t\t\t\t\t<div class=\"elementor-text-editor elementor-clearfix\">\n\t\t\t\t<p><a href=\"https:\/\/vanessa-ruhtz.de\/en\/privacy-statement\/\">Privacy Statement<\/a><\/p><p><a href=\"https:\/\/vanessa-ruhtz.de\/en\/imprint\/\">Imprint<\/a><\/p>\t\t\t\t\t<\/div>\n\t\t\t\t\t\t<\/div>\n\t\t\t\t<\/div>\n\t\t\t\t\t\t<\/div>\n\t\t\t\t\t<\/div>\n\t\t<\/div>\n\t\t\t\t\t\t\t\t<\/div>\n\t\t\t\t\t<\/div>\n\t\t<\/section>\n\t\t\t\t\t\t\t\t\t<\/div>\n\t\t\t<\/div>\n\t\t\t\t\t<\/div>\n\t\t","protected":false},"excerpt":{"rendered":"<p>Imprint Imprint Information according to \u00a7 5 TMGVanessa RuhtzLange Reihe 2920099 Hamburg Contact us Phone: +49 (0) 173 9241005E-mail: contact@vanessa-ruhtz.de Dispute resolution The European Commission provides a platform for online dispute resolution (OS):https:\/\/ec.europa.eu\/consumers\/odrYou can find our e-mail address in the imprint above. We are not willing or obliged to participate in dispute resolution proceedings before &hellip;<\/p>\n<p class=\"read-more\"> <a class=\"\" href=\"https:\/\/vanessa-ruhtz.de\/en\/imprint\/\"> <span class=\"screen-reader-text\">Imprint<\/span> Read More &raquo;<\/a><\/p>\n","protected":false},"author":1,"featured_media":0,"parent":0,"menu_order":0,"comment_status":"closed","ping_status":"closed","template":"","meta":{"site-sidebar-layout":"default","site-content-layout":"page-builder","ast-global-header-display":"","ast-main-header-display":"","ast-hfb-above-header-display":"","ast-hfb-below-header-display":"","ast-hfb-mobile-header-display":"","site-post-title":"disabled","ast-breadcrumbs-content":"","ast-featured-img":"","footer-sml-layout":"","theme-transparent-header-meta":"default","adv-header-id-meta":"","stick-header-meta":"enabled","header-above-stick-meta":"","header-main-stick-meta":"on","header-below-stick-meta":""},"yoast_head":"<!-- This site is optimized with the Yoast SEO plugin v19.6.1 - https:\/\/yoast.com\/wordpress\/plugins\/seo\/ -->\n<title>Imprint - Vanessa Ruhtz Coaching<\/title>\n<meta name=\"robots\" content=\"index, follow, max-snippet:-1, max-image-preview:large, max-video-preview:-1\" \/>\n<link rel=\"canonical\" href=\"https:\/\/vanessa-ruhtz.de\/en\/imprint\/\" \/>\n<meta property=\"og:locale\" content=\"en_US\" \/>\n<meta property=\"og:type\" content=\"article\" \/>\n<meta property=\"og:title\" content=\"Imprint - Vanessa Ruhtz Coaching\" \/>\n<meta property=\"og:description\" content=\"Imprint Imprint Information according to \u00a7 5 TMGVanessa RuhtzLange Reihe 2920099 Hamburg Contact us Phone: +49 (0) 173 9241005E-mail: contact@vanessa-ruhtz.de Dispute resolution The European Commission provides a platform for online dispute resolution (OS):https:\/\/ec.europa.eu\/consumers\/odrYou can find our e-mail address in the imprint above. We are not willing or obliged to participate in dispute resolution proceedings before &hellip; Imprint Read More &raquo;\" \/>\n<meta property=\"og:url\" content=\"https:\/\/vanessa-ruhtz.de\/en\/imprint\/\" \/>\n<meta property=\"og:site_name\" content=\"Vanessa Ruhtz Coaching\" \/>\n<meta property=\"article:modified_time\" content=\"2019-10-21T09:52:58+00:00\" \/>\n<meta name=\"twitter:card\" content=\"summary_large_image\" \/>\n<meta name=\"twitter:label1\" content=\"Est. reading time\" \/>\n\t<meta name=\"twitter:data1\" content=\"2 minutes\" \/>\n<script type=\"application\/ld+json\" class=\"yoast-schema-graph\">{\"@context\":\"https:\/\/schema.org\",\"@graph\":[{\"@type\":\"WebPage\",\"@id\":\"https:\/\/vanessa-ruhtz.de\/en\/imprint\/\",\"url\":\"https:\/\/vanessa-ruhtz.de\/en\/imprint\/\",\"name\":\"Imprint - Vanessa Ruhtz Coaching\",\"isPartOf\":{\"@id\":\"https:\/\/vanessa-ruhtz.de\/en\/#website\"},\"datePublished\":\"2019-07-29T08:01:05+00:00\",\"dateModified\":\"2019-10-21T09:52:58+00:00\",\"breadcrumb\":{\"@id\":\"https:\/\/vanessa-ruhtz.de\/en\/imprint\/#breadcrumb\"},\"inLanguage\":\"en-US\",\"potentialAction\":[{\"@type\":\"ReadAction\",\"target\":[\"https:\/\/vanessa-ruhtz.de\/en\/imprint\/\"]}]},{\"@type\":\"BreadcrumbList\",\"@id\":\"https:\/\/vanessa-ruhtz.de\/en\/imprint\/#breadcrumb\",\"itemListElement\":[{\"@type\":\"ListItem\",\"position\":1,\"name\":\"Startseite\",\"item\":\"https:\/\/vanessa-ruhtz.de\/en\/\"},{\"@type\":\"ListItem\",\"position\":2,\"name\":\"Imprint\"}]},{\"@type\":\"WebSite\",\"@id\":\"https:\/\/vanessa-ruhtz.de\/en\/#website\",\"url\":\"https:\/\/vanessa-ruhtz.de\/en\/\",\"name\":\"Vanessa Ruhtz Coaching\",\"description\":\"Coaching f\u00fcr Unternehmen, F\u00fchrungskr\u00e4fte und Privatpersonen | Vanessa Ruhtz\",\"publisher\":{\"@id\":\"https:\/\/vanessa-ruhtz.de\/en\/#organization\"},\"potentialAction\":[{\"@type\":\"SearchAction\",\"target\":{\"@type\":\"EntryPoint\",\"urlTemplate\":\"https:\/\/vanessa-ruhtz.de\/en\/?s={search_term_string}\"},\"query-input\":\"required name=search_term_string\"}],\"inLanguage\":\"en-US\"},{\"@type\":\"Organization\",\"@id\":\"https:\/\/vanessa-ruhtz.de\/en\/#organization\",\"name\":\"Vanessa Ruhtz\",\"url\":\"https:\/\/vanessa-ruhtz.de\/en\/\",\"sameAs\":[],\"logo\":{\"@type\":\"ImageObject\",\"inLanguage\":\"en-US\",\"@id\":\"https:\/\/vanessa-ruhtz.de\/en\/#\/schema\/logo\/image\/\",\"url\":\"https:\/\/vanessa-ruhtz.de\/wp-content\/uploads\/2019\/06\/logo_blue_150-1-e1562153229328.png\",\"contentUrl\":\"https:\/\/vanessa-ruhtz.de\/wp-content\/uploads\/2019\/06\/logo_blue_150-1-e1562153229328.png\",\"width\":900,\"height\":216,\"caption\":\"Vanessa Ruhtz\"},\"image\":{\"@id\":\"https:\/\/vanessa-ruhtz.de\/en\/#\/schema\/logo\/image\/\"}}]}<\/script>\n<!-- \/ Yoast SEO plugin. -->","yoast_head_json":{"title":"Imprint - Vanessa Ruhtz Coaching","robots":{"index":"index","follow":"follow","max-snippet":"max-snippet:-1","max-image-preview":"max-image-preview:large","max-video-preview":"max-video-preview:-1"},"canonical":"https:\/\/vanessa-ruhtz.de\/en\/imprint\/","og_locale":"en_US","og_type":"article","og_title":"Imprint - Vanessa Ruhtz Coaching","og_description":"Imprint Imprint Information according to \u00a7 5 TMGVanessa RuhtzLange Reihe 2920099 Hamburg Contact us Phone: +49 (0) 173 9241005E-mail: contact@vanessa-ruhtz.de Dispute resolution The European Commission provides a platform for online dispute resolution (OS):https:\/\/ec.europa.eu\/consumers\/odrYou can find our e-mail address in the imprint above. We are not willing or obliged to participate in dispute resolution proceedings before &hellip; Imprint Read More &raquo;","og_url":"https:\/\/vanessa-ruhtz.de\/en\/imprint\/","og_site_name":"Vanessa Ruhtz Coaching","article_modified_time":"2019-10-21T09:52:58+00:00","twitter_card":"summary_large_image","twitter_misc":{"Est. reading time":"2 minutes"},"schema":{"@context":"https:\/\/schema.org","@graph":[{"@type":"WebPage","@id":"https:\/\/vanessa-ruhtz.de\/en\/imprint\/","url":"https:\/\/vanessa-ruhtz.de\/en\/imprint\/","name":"Imprint - Vanessa Ruhtz Coaching","isPartOf":{"@id":"https:\/\/vanessa-ruhtz.de\/en\/#website"},"datePublished":"2019-07-29T08:01:05+00:00","dateModified":"2019-10-21T09:52:58+00:00","breadcrumb":{"@id":"https:\/\/vanessa-ruhtz.de\/en\/imprint\/#breadcrumb"},"inLanguage":"en-US","potentialAction":[{"@type":"ReadAction","target":["https:\/\/vanessa-ruhtz.de\/en\/imprint\/"]}]},{"@type":"BreadcrumbList","@id":"https:\/\/vanessa-ruhtz.de\/en\/imprint\/#breadcrumb","itemListElement":[{"@type":"ListItem","position":1,"name":"Startseite","item":"https:\/\/vanessa-ruhtz.de\/en\/"},{"@type":"ListItem","position":2,"name":"Imprint"}]},{"@type":"WebSite","@id":"https:\/\/vanessa-ruhtz.de\/en\/#website","url":"https:\/\/vanessa-ruhtz.de\/en\/","name":"Vanessa Ruhtz Coaching","description":"Coaching f\u00fcr Unternehmen, F\u00fchrungskr\u00e4fte und Privatpersonen | Vanessa Ruhtz","publisher":{"@id":"https:\/\/vanessa-ruhtz.de\/en\/#organization"},"potentialAction":[{"@type":"SearchAction","target":{"@type":"EntryPoint","urlTemplate":"https:\/\/vanessa-ruhtz.de\/en\/?s={search_term_string}"},"query-input":"required name=search_term_string"}],"inLanguage":"en-US"},{"@type":"Organization","@id":"https:\/\/vanessa-ruhtz.de\/en\/#organization","name":"Vanessa Ruhtz","url":"https:\/\/vanessa-ruhtz.de\/en\/","sameAs":[],"logo":{"@type":"ImageObject","inLanguage":"en-US","@id":"https:\/\/vanessa-ruhtz.de\/en\/#\/schema\/logo\/image\/","url":"https:\/\/vanessa-ruhtz.de\/wp-content\/uploads\/2019\/06\/logo_blue_150-1-e1562153229328.png","contentUrl":"https:\/\/vanessa-ruhtz.de\/wp-content\/uploads\/2019\/06\/logo_blue_150-1-e1562153229328.png","width":900,"height":216,"caption":"Vanessa Ruhtz"},"image":{"@id":"https:\/\/vanessa-ruhtz.de\/en\/#\/schema\/logo\/image\/"}}]}},"uagb_featured_image_src":{"full":false,"thumbnail":false,"medium":false,"medium_large":false,"large":false,"1536x1536":false,"2048x2048":false},"uagb_author_info":{"display_name":"Van356a","author_link":"https:\/\/vanessa-ruhtz.de\/en\/author\/van356a\/"},"uagb_comment_info":0,"uagb_excerpt":"Imprint Imprint Information according to \u00a7 5 TMGVanessa RuhtzLange Reihe 2920099 Hamburg Contact us Phone: +49 (0) 173 9241005E-mail: contact@vanessa-ruhtz.de Dispute resolution The European Commission provides a platform for online dispute resolution (OS):https:\/\/ec.europa.eu\/consumers\/odrYou can find our e-mail address in the imprint above. We are not willing or obliged to participate in dispute resolution proceedings before&hellip;","_links":{"self":[{"href":"https:\/\/vanessa-ruhtz.de\/en\/wp-json\/wp\/v2\/pages\/2722"}],"collection":[{"href":"https:\/\/vanessa-ruhtz.de\/en\/wp-json\/wp\/v2\/pages"}],"about":[{"href":"https:\/\/vanessa-ruhtz.de\/en\/wp-json\/wp\/v2\/types\/page"}],"author":[{"embeddable":true,"href":"https:\/\/vanessa-ruhtz.de\/en\/wp-json\/wp\/v2\/users\/1"}],"replies":[{"embeddable":true,"href":"https:\/\/vanessa-ruhtz.de\/en\/wp-json\/wp\/v2\/comments?post=2722"}],"version-history":[{"count":18,"href":"https:\/\/vanessa-ruhtz.de\/en\/wp-json\/wp\/v2\/pages\/2722\/revisions"}],"predecessor-version":[{"id":3381,"href":"https:\/\/vanessa-ruhtz.de\/en\/wp-json\/wp\/v2\/pages\/2722\/revisions\/3381"}],"wp:attachment":[{"href":"https:\/\/vanessa-ruhtz.de\/en\/wp-json\/wp\/v2\/media?parent=2722"}],"curies":[{"name":"wp","href":"https:\/\/api.w.org\/{rel}","templated":true}]}}