{"id":2760,"date":"2019-07-29T13:01:01","date_gmt":"2019-07-29T13:01:01","guid":{"rendered":"https:\/\/vanessaruhtz.de\/life-coaching-for-private-individuals\/"},"modified":"2021-09-08T08:33:34","modified_gmt":"2021-09-08T08:33:34","slug":"life-coaching-for-private-individuals","status":"publish","type":"page","link":"https:\/\/vanessa-ruhtz.de\/en\/life-coaching-for-private-individuals\/","title":{"rendered":"Life Coaching for individuals"},"content":{"rendered":"\t\t<div data-elementor-type=\"wp-post\" data-elementor-id=\"2760\" class=\"elementor elementor-2760 elementor-22\">\n\t\t\t\t\t\t<div class=\"elementor-inner\">\n\t\t\t\t<div class=\"elementor-section-wrap\">\n\t\t\t\t\t\t\t\t\t<section class=\"elementor-section elementor-top-section elementor-element elementor-element-348aa98b elementor-section-full_width elementor-section-height-min-height elementor-section-content-top elementor-section-stretched elementor-section-height-default elementor-section-items-middle\" data-id=\"348aa98b\" data-element_type=\"section\" data-settings=\"{&quot;background_background&quot;:&quot;classic&quot;,&quot;background_motion_fx_motion_fx_scrolling&quot;:&quot;yes&quot;,&quot;background_motion_fx_translateY_effect&quot;:&quot;yes&quot;,&quot;background_motion_fx_translateY_direction&quot;:&quot;negative&quot;,&quot;background_motion_fx_translateY_speed&quot;:{&quot;unit&quot;:&quot;px&quot;,&quot;size&quot;:6.1,&quot;sizes&quot;:[]},&quot;background_motion_fx_scale_effect&quot;:&quot;yes&quot;,&quot;background_motion_fx_scale_speed&quot;:{&quot;unit&quot;:&quot;px&quot;,&quot;size&quot;:5,&quot;sizes&quot;:[]},&quot;background_motion_fx_scale_range&quot;:{&quot;unit&quot;:&quot;%&quot;,&quot;size&quot;:&quot;&quot;,&quot;sizes&quot;:{&quot;start&quot;:45,&quot;end&quot;:100}},&quot;stretch_section&quot;:&quot;section-stretched&quot;,&quot;background_motion_fx_translateY_affectedRange&quot;:{&quot;unit&quot;:&quot;%&quot;,&quot;size&quot;:&quot;&quot;,&quot;sizes&quot;:{&quot;start&quot;:0,&quot;end&quot;:100}},&quot;background_motion_fx_scale_direction&quot;:&quot;out-in&quot;,&quot;background_motion_fx_devices&quot;:[&quot;desktop&quot;,&quot;tablet&quot;,&quot;mobile&quot;]}\">\n\t\t\t\t\t\t<div class=\"elementor-container elementor-column-gap-default\">\n\t\t\t\t\t\t\t<div class=\"elementor-row\">\n\t\t\t\t\t<div class=\"elementor-column elementor-col-50 elementor-top-column elementor-element elementor-element-59ccc21a\" data-id=\"59ccc21a\" data-element_type=\"column\" data-settings=\"{&quot;background_background&quot;:&quot;classic&quot;,&quot;background_motion_fx_motion_fx_scrolling&quot;:&quot;yes&quot;,&quot;background_motion_fx_devices&quot;:[&quot;desktop&quot;,&quot;tablet&quot;,&quot;mobile&quot;]}\">\n\t\t\t<div class=\"elementor-column-wrap\">\n\t\t\t\t\t\t\t<div class=\"elementor-widget-wrap\">\n\t\t\t\t\t\t\t\t<\/div>\n\t\t\t\t\t<\/div>\n\t\t<\/div>\n\t\t\t\t<div class=\"elementor-column elementor-col-50 elementor-top-column elementor-element elementor-element-208af1b elementor-hidden-phone\" data-id=\"208af1b\" data-element_type=\"column\" data-settings=\"{&quot;background_background&quot;:&quot;classic&quot;}\">\n\t\t\t<div class=\"elementor-column-wrap elementor-element-populated\">\n\t\t\t\t\t\t\t<div class=\"elementor-widget-wrap\">\n\t\t\t\t\t\t<div class=\"elementor-element elementor-element-25fdf32f elementor-widget elementor-widget-spacer\" data-id=\"25fdf32f\" data-element_type=\"widget\" data-widget_type=\"spacer.default\">\n\t\t\t\t<div class=\"elementor-widget-container\">\n\t\t\t\t\t<div class=\"elementor-spacer\">\n\t\t\t<div class=\"elementor-spacer-inner\"><\/div>\n\t\t<\/div>\n\t\t\t\t<\/div>\n\t\t\t\t<\/div>\n\t\t\t\t<div class=\"elementor-element elementor-element-1b0f525a elementor-widget-tablet__width-initial elementor-absolute elementor-widget elementor-widget-heading\" data-id=\"1b0f525a\" data-element_type=\"widget\" data-settings=\"{&quot;motion_fx_motion_fx_scrolling&quot;:&quot;yes&quot;,&quot;_position&quot;:&quot;absolute&quot;,&quot;motion_fx_devices&quot;:[&quot;desktop&quot;,&quot;tablet&quot;,&quot;mobile&quot;]}\" data-widget_type=\"heading.default\">\n\t\t\t\t<div class=\"elementor-widget-container\">\n\t\t\t<h1 class=\"elementor-heading-title elementor-size-default\">For Individuals<\/h1>\t\t<\/div>\n\t\t\t\t<\/div>\n\t\t\t\t\t\t<\/div>\n\t\t\t\t\t<\/div>\n\t\t<\/div>\n\t\t\t\t\t\t\t\t<\/div>\n\t\t\t\t\t<\/div>\n\t\t<\/section>\n\t\t\t\t<section class=\"elementor-section elementor-top-section elementor-element elementor-element-31b71be4 elementor-section-content-middle elementor-section-boxed elementor-section-height-default elementor-section-height-default\" data-id=\"31b71be4\" data-element_type=\"section\" data-settings=\"{&quot;background_background&quot;:&quot;classic&quot;}\">\n\t\t\t\t\t\t<div class=\"elementor-container elementor-column-gap-extended\">\n\t\t\t\t\t\t\t<div class=\"elementor-row\">\n\t\t\t\t\t<div class=\"elementor-column elementor-col-100 elementor-top-column elementor-element elementor-element-ebf314e\" data-id=\"ebf314e\" data-element_type=\"column\">\n\t\t\t<div class=\"elementor-column-wrap elementor-element-populated\">\n\t\t\t\t\t\t\t<div class=\"elementor-widget-wrap\">\n\t\t\t\t\t\t<div class=\"elementor-element elementor-element-4e756136 elementor-widget elementor-widget-heading\" data-id=\"4e756136\" data-element_type=\"widget\" data-widget_type=\"heading.default\">\n\t\t\t\t<div class=\"elementor-widget-container\">\n\t\t\t<h2 class=\"elementor-heading-title elementor-size-default\">Life Coaching for individuals<\/h2>\t\t<\/div>\n\t\t\t\t<\/div>\n\t\t\t\t<div class=\"elementor-element elementor-element-7dc81ef elementor-widget elementor-widget-text-editor\" data-id=\"7dc81ef\" data-element_type=\"widget\" data-widget_type=\"text-editor.default\">\n\t\t\t\t<div class=\"elementor-widget-container\">\n\t\t\t\t\t\t\t\t<div class=\"elementor-text-editor elementor-clearfix\">\n\t\t\t\t<p>You&#8217;re wondering, what do I really want? What are my goals? What gives me energy? How do I break out of familiar paths? How do I find my inner balance? Which job suits me best? What does happiness mean to me?<\/p><p>As a coach I help people to find answers to these and other questions about \ufb01nden. I understand how change processes work and how one&#8217;s own goals can be achieved.<\/p><p>\u00a0<\/p><p>Together we work out your individual solution by concentrating on your strength to create clarity.<\/p><p>Occasions for coaching:<\/p><ul><li>Life and career planning<\/li><li>The desire to identify and build on strengths<\/li><li>Separation<\/li><li>Wish for professional reorientation<\/li><\/ul>\t\t\t\t\t<\/div>\n\t\t\t\t\t\t<\/div>\n\t\t\t\t<\/div>\n\t\t\t\t<div class=\"elementor-element elementor-element-30de651 elementor-widget elementor-widget-spacer\" data-id=\"30de651\" data-element_type=\"widget\" data-widget_type=\"spacer.default\">\n\t\t\t\t<div class=\"elementor-widget-container\">\n\t\t\t\t\t<div class=\"elementor-spacer\">\n\t\t\t<div class=\"elementor-spacer-inner\"><\/div>\n\t\t<\/div>\n\t\t\t\t<\/div>\n\t\t\t\t<\/div>\n\t\t\t\t\t\t<\/div>\n\t\t\t\t\t<\/div>\n\t\t<\/div>\n\t\t\t\t\t\t\t\t<\/div>\n\t\t\t\t\t<\/div>\n\t\t<\/section>\n\t\t\t\t<section class=\"elementor-section elementor-top-section elementor-element elementor-element-af6e059 elementor-section-content-top elementor-section-height-min-height elementor-section-boxed elementor-section-height-default elementor-section-items-middle\" data-id=\"af6e059\" data-element_type=\"section\" data-settings=\"{&quot;background_background&quot;:&quot;classic&quot;,&quot;background_motion_fx_motion_fx_scrolling&quot;:&quot;yes&quot;,&quot;background_motion_fx_translateY_effect&quot;:&quot;yes&quot;,&quot;background_motion_fx_translateY_speed&quot;:{&quot;unit&quot;:&quot;px&quot;,&quot;size&quot;:5.5,&quot;sizes&quot;:[]},&quot;background_motion_fx_translateY_affectedRange&quot;:{&quot;unit&quot;:&quot;%&quot;,&quot;size&quot;:&quot;&quot;,&quot;sizes&quot;:{&quot;start&quot;:0,&quot;end&quot;:100}},&quot;background_motion_fx_devices&quot;:[&quot;desktop&quot;,&quot;tablet&quot;,&quot;mobile&quot;]}\">\n\t\t\t\t\t\t<div class=\"elementor-container elementor-column-gap-default\">\n\t\t\t\t\t\t\t<div class=\"elementor-row\">\n\t\t\t\t\t<div class=\"elementor-column elementor-col-50 elementor-top-column elementor-element elementor-element-39a9e223\" data-id=\"39a9e223\" data-element_type=\"column\">\n\t\t\t<div class=\"elementor-column-wrap elementor-element-populated\">\n\t\t\t\t\t\t\t<div class=\"elementor-widget-wrap\">\n\t\t\t\t\t\t<div class=\"elementor-element elementor-element-4e847c5 elementor-widget__width-initial elementor-widget-tablet__width-initial elementor-absolute elementor-flip-box--effect-flip elementor-flip-box--direction-up elementor-widget elementor-widget-flip-box\" data-id=\"4e847c5\" data-element_type=\"widget\" data-settings=\"{&quot;_position&quot;:&quot;absolute&quot;}\" data-widget_type=\"flip-box.default\">\n\t\t\t\t<div class=\"elementor-widget-container\">\n\t\t\t\t\t<div class=\"elementor-flip-box\">\n\t\t\t<div class=\"elementor-flip-box__layer elementor-flip-box__front\">\n\t\t\t\t<div class=\"elementor-flip-box__layer__overlay\">\n\t\t\t\t\t<div class=\"elementor-flip-box__layer__inner\">\n\t\t\t\t\t\t\n\t\t\t\t\t\t\t\t\t\t\t\t\t<h3 class=\"elementor-flip-box__layer__title\">\n\t\t\t\t\t\t\t\tLife Coaching for individuals\t\t\t\t\t\t\t<\/h3>\n\t\t\t\t\t\t\n\t\t\t\t\t\t\t\t\t\t\t<\/div>\n\t\t\t\t<\/div>\n\t\t\t<\/div>\n\t\t\t<div class=\"elementor-flip-box__layer elementor-flip-box__back\">\n\t\t\t<div class=\"elementor-flip-box__layer__overlay\">\n\t\t\t\t<div class=\"elementor-flip-box__layer__inner\">\n\t\t\t\t\t\t\t\t\t\t\t<h3 class=\"elementor-flip-box__layer__title\">\n\t\t\t\t\t\t\tLife Coaching for individuals\t\t\t\t\t\t<\/h3>\n\t\t\t\t\t\n\t\t\t\t\t\t\t\t\t\t\t<div class=\"elementor-flip-box__layer__description\">\n\t\t\t\t\t\t\tPeople with a desire for change <br class=\"clear\" \/> \n    German and English <br class=\"clear\" \/> Personal and online\n   \n\t\t\t\t\t\t<\/div>\n\t\t\t\t\t\n\t\t\t\t\t\t\t\t\t\t\t<a class=\"elementor-flip-box__button elementor-button elementor-size-xs\" href=\"\/en\/contact\">\n\t\t\t\t\t\t\tLearn more\t\t\t\t\t\t<\/a>\n\t\t\t\t\t\t\t\t<\/div>\n\t\t<\/div>\n\t\t<\/div>\n\t\t<\/div>\n\t\t\t\t<\/div>\n\t\t\t\t<\/div>\n\t\t\t\t\t\t<\/div>\n\t\t\t\t\t<\/div>\n\t\t<\/div>\n\t\t\t\t<div class=\"elementor-column elementor-col-50 elementor-top-column elementor-element elementor-element-436d569e\" data-id=\"436d569e\" data-element_type=\"column\">\n\t\t\t<div class=\"elementor-column-wrap elementor-element-populated\">\n\t\t\t\t\t\t\t<div class=\"elementor-widget-wrap\">\n\t\t\t\t\t\t<div class=\"elementor-element elementor-element-137f5a5 elementor-widget elementor-widget-spacer\" data-id=\"137f5a5\" data-element_type=\"widget\" data-widget_type=\"spacer.default\">\n\t\t\t\t<div class=\"elementor-widget-container\">\n\t\t\t\t\t<div class=\"elementor-spacer\">\n\t\t\t<div class=\"elementor-spacer-inner\"><\/div>\n\t\t<\/div>\n\t\t\t\t<\/div>\n\t\t\t\t<\/div>\n\t\t\t\t\t\t<\/div>\n\t\t\t\t\t<\/div>\n\t\t<\/div>\n\t\t\t\t\t\t\t\t<\/div>\n\t\t\t\t\t<\/div>\n\t\t<\/section>\n\t\t\t\t<section class=\"elementor-section elementor-top-section elementor-element elementor-element-94430e2 elementor-section-boxed elementor-section-height-default elementor-section-height-default\" data-id=\"94430e2\" data-element_type=\"section\" data-settings=\"{&quot;background_background&quot;:&quot;classic&quot;}\">\n\t\t\t\t\t\t<div class=\"elementor-container elementor-column-gap-no\">\n\t\t\t\t\t\t\t<div class=\"elementor-row\">\n\t\t\t\t\t<div class=\"elementor-column elementor-col-100 elementor-top-column elementor-element elementor-element-b605a7f\" data-id=\"b605a7f\" data-element_type=\"column\">\n\t\t\t<div class=\"elementor-column-wrap elementor-element-populated\">\n\t\t\t\t\t\t\t<div class=\"elementor-widget-wrap\">\n\t\t\t\t\t\t<div class=\"elementor-element elementor-element-dfcadbd elementor-widget elementor-widget-spacer\" data-id=\"dfcadbd\" data-element_type=\"widget\" data-widget_type=\"spacer.default\">\n\t\t\t\t<div class=\"elementor-widget-container\">\n\t\t\t\t\t<div class=\"elementor-spacer\">\n\t\t\t<div class=\"elementor-spacer-inner\"><\/div>\n\t\t<\/div>\n\t\t\t\t<\/div>\n\t\t\t\t<\/div>\n\t\t\t\t\t\t<\/div>\n\t\t\t\t\t<\/div>\n\t\t<\/div>\n\t\t\t\t\t\t\t\t<\/div>\n\t\t\t\t\t<\/div>\n\t\t<\/section>\n\t\t\t\t<section class=\"elementor-section elementor-inner-section elementor-element elementor-element-4b72822f elementor-section-boxed elementor-section-height-default elementor-section-height-default\" data-id=\"4b72822f\" data-element_type=\"section\" data-settings=\"{&quot;background_background&quot;:&quot;classic&quot;}\">\n\t\t\t\t\t\t<div class=\"elementor-container elementor-column-gap-no\">\n\t\t\t\t\t\t\t<div class=\"elementor-row\">\n\t\t\t\t\t<div class=\"elementor-column elementor-col-33 elementor-inner-column elementor-element elementor-element-343f694d\" data-id=\"343f694d\" data-element_type=\"column\">\n\t\t\t<div class=\"elementor-column-wrap elementor-element-populated\">\n\t\t\t\t\t\t\t<div class=\"elementor-widget-wrap\">\n\t\t\t\t\t\t<div class=\"elementor-element elementor-element-5e39e5a elementor-widget elementor-widget-heading\" data-id=\"5e39e5a\" data-element_type=\"widget\" data-widget_type=\"heading.default\">\n\t\t\t\t<div class=\"elementor-widget-container\">\n\t\t\t<h4 class=\"elementor-heading-title elementor-size-default\">Contact<\/h4>\t\t<\/div>\n\t\t\t\t<\/div>\n\t\t\t\t<div class=\"elementor-element elementor-element-2e45e086 elementor-widget elementor-widget-text-editor\" data-id=\"2e45e086\" data-element_type=\"widget\" data-widget_type=\"text-editor.default\">\n\t\t\t\t<div class=\"elementor-widget-container\">\n\t\t\t\t\t\t\t\t<div class=\"elementor-text-editor elementor-clearfix\">\n\t\t\t\t<p>Vanessa Ruhtz<\/p>\n<p>Phone: +49 173 924 10 05<\/p>\n<p>Email: <a href=\"mailto:kontakt@vanessa-ruhtz.de\">contact@vanessa-ruhtz.de<\/a><\/p>\n\t\t\t\t\t<\/div>\n\t\t\t\t\t\t<\/div>\n\t\t\t\t<\/div>\n\t\t\t\t<div class=\"elementor-element elementor-element-1ade9150 elementor-widget elementor-widget-spacer\" data-id=\"1ade9150\" data-element_type=\"widget\" data-widget_type=\"spacer.default\">\n\t\t\t\t<div class=\"elementor-widget-container\">\n\t\t\t\t\t<div class=\"elementor-spacer\">\n\t\t\t<div class=\"elementor-spacer-inner\"><\/div>\n\t\t<\/div>\n\t\t\t\t<\/div>\n\t\t\t\t<\/div>\n\t\t\t\t\t\t<\/div>\n\t\t\t\t\t<\/div>\n\t\t<\/div>\n\t\t\t\t<div class=\"elementor-column elementor-col-33 elementor-inner-column elementor-element elementor-element-5059102b\" data-id=\"5059102b\" data-element_type=\"column\">\n\t\t\t<div class=\"elementor-column-wrap elementor-element-populated\">\n\t\t\t\t\t\t\t<div class=\"elementor-widget-wrap\">\n\t\t\t\t\t\t<div class=\"elementor-element elementor-element-42f4613d elementor-widget elementor-widget-heading\" data-id=\"42f4613d\" data-element_type=\"widget\" data-widget_type=\"heading.default\">\n\t\t\t\t<div class=\"elementor-widget-container\">\n\t\t\t<h4 class=\"elementor-heading-title elementor-size-small\">Links<\/h4>\t\t<\/div>\n\t\t\t\t<\/div>\n\t\t\t\t<div class=\"elementor-element elementor-element-5ff024b0 elementor-widget elementor-widget-text-editor\" data-id=\"5ff024b0\" data-element_type=\"widget\" data-widget_type=\"text-editor.default\">\n\t\t\t\t<div class=\"elementor-widget-container\">\n\t\t\t\t\t\t\t\t<div class=\"elementor-text-editor elementor-clearfix\">\n\t\t\t\t<p><a href=\"https:\/\/vanessa-ruhtz.de\/en\/\">Home<\/a><\/p><p><a href=\"https:\/\/vanessa-ruhtz.de\/en\/company\/\">Organizations<\/a><\/p><p><a href=\"https:\/\/vanessa-ruhtz.de\/en\/life-coaching-for-private-individuals\/\">Individuals<\/a><\/p><p><a href=\"https:\/\/vanessa-ruhtz.de\/en\/profile\/\">Profil<\/a><\/p><p><a href=\"https:\/\/vanessa-ruhtz.de\/en\/contact\/\">Contact<\/a><\/p>\t\t\t\t\t<\/div>\n\t\t\t\t\t\t<\/div>\n\t\t\t\t<\/div>\n\t\t\t\t<div class=\"elementor-element elementor-element-308d3d9a elementor-widget elementor-widget-spacer\" data-id=\"308d3d9a\" data-element_type=\"widget\" data-widget_type=\"spacer.default\">\n\t\t\t\t<div class=\"elementor-widget-container\">\n\t\t\t\t\t<div class=\"elementor-spacer\">\n\t\t\t<div class=\"elementor-spacer-inner\"><\/div>\n\t\t<\/div>\n\t\t\t\t<\/div>\n\t\t\t\t<\/div>\n\t\t\t\t\t\t<\/div>\n\t\t\t\t\t<\/div>\n\t\t<\/div>\n\t\t\t\t<div class=\"elementor-column elementor-col-33 elementor-inner-column elementor-element elementor-element-2d254c92\" data-id=\"2d254c92\" data-element_type=\"column\">\n\t\t\t<div class=\"elementor-column-wrap elementor-element-populated\">\n\t\t\t\t\t\t\t<div class=\"elementor-widget-wrap\">\n\t\t\t\t\t\t<div class=\"elementor-element elementor-element-4e804200 elementor-widget elementor-widget-heading\" data-id=\"4e804200\" data-element_type=\"widget\" data-widget_type=\"heading.default\">\n\t\t\t\t<div class=\"elementor-widget-container\">\n\t\t\t<h4 class=\"elementor-heading-title elementor-size-medium\">Important<\/h4>\t\t<\/div>\n\t\t\t\t<\/div>\n\t\t\t\t<div class=\"elementor-element elementor-element-20b79507 elementor-widget elementor-widget-text-editor\" data-id=\"20b79507\" data-element_type=\"widget\" data-widget_type=\"text-editor.default\">\n\t\t\t\t<div class=\"elementor-widget-container\">\n\t\t\t\t\t\t\t\t<div class=\"elementor-text-editor elementor-clearfix\">\n\t\t\t\t<p><a href=\"https:\/\/vanessa-ruhtz.de\/en\/privacy-statement\/\">Privacy Statement<\/a><\/p><p><a href=\"https:\/\/vanessa-ruhtz.de\/en\/imprint\">Imprint<\/a><\/p>\t\t\t\t\t<\/div>\n\t\t\t\t\t\t<\/div>\n\t\t\t\t<\/div>\n\t\t\t\t\t\t<\/div>\n\t\t\t\t\t<\/div>\n\t\t<\/div>\n\t\t\t\t\t\t\t\t<\/div>\n\t\t\t\t\t<\/div>\n\t\t<\/section>\n\t\t\t\t\t\t\t\t\t<\/div>\n\t\t\t<\/div>\n\t\t\t\t\t<\/div>\n\t\t","protected":false},"excerpt":{"rendered":"<p>For Individuals Life Coaching for individuals You&#8217;re wondering, what do I really want? What are my goals? What gives me energy? How do I break out of familiar paths? How do I find my inner balance? Which job suits me best? What does happiness mean to me? As a coach I help people to find &hellip;<\/p>\n<p class=\"read-more\"> <a class=\"\" href=\"https:\/\/vanessa-ruhtz.de\/en\/life-coaching-for-private-individuals\/\"> <span class=\"screen-reader-text\">Life Coaching for individuals<\/span> Read More &raquo;<\/a><\/p>\n","protected":false},"author":1,"featured_media":0,"parent":0,"menu_order":0,"comment_status":"closed","ping_status":"closed","template":"","meta":{"site-sidebar-layout":"no-sidebar","site-content-layout":"page-builder","ast-global-header-display":"","ast-main-header-display":"","ast-hfb-above-header-display":"","ast-hfb-below-header-display":"","ast-hfb-mobile-header-display":"","site-post-title":"disabled","ast-breadcrumbs-content":"","ast-featured-img":"disabled","footer-sml-layout":"","theme-transparent-header-meta":"default","adv-header-id-meta":"","stick-header-meta":"default","header-above-stick-meta":"","header-main-stick-meta":"","header-below-stick-meta":""},"yoast_head":"<!-- This site is optimized with the Yoast SEO plugin v19.6.1 - https:\/\/yoast.com\/wordpress\/plugins\/seo\/ -->\n<title>Life Coaching for individuals - Vanessa Ruhtz Coaching<\/title>\n<meta name=\"robots\" content=\"index, follow, max-snippet:-1, max-image-preview:large, max-video-preview:-1\" \/>\n<link rel=\"canonical\" href=\"https:\/\/vanessa-ruhtz.de\/en\/life-coaching-for-private-individuals\/\" \/>\n<meta property=\"og:locale\" content=\"en_US\" \/>\n<meta property=\"og:type\" content=\"article\" \/>\n<meta property=\"og:title\" content=\"Life Coaching for individuals - Vanessa Ruhtz Coaching\" \/>\n<meta property=\"og:description\" content=\"For Individuals Life Coaching for individuals You&#8217;re wondering, what do I really want? What are my goals? What gives me energy? How do I break out of familiar paths? How do I find my inner balance? Which job suits me best? What does happiness mean to me? As a coach I help people to find &hellip; Life Coaching for individuals Read More &raquo;\" \/>\n<meta property=\"og:url\" content=\"https:\/\/vanessa-ruhtz.de\/en\/life-coaching-for-private-individuals\/\" \/>\n<meta property=\"og:site_name\" content=\"Vanessa Ruhtz Coaching\" \/>\n<meta property=\"article:modified_time\" content=\"2021-09-08T08:33:34+00:00\" \/>\n<meta name=\"twitter:card\" content=\"summary_large_image\" \/>\n<meta name=\"twitter:label1\" content=\"Est. reading time\" \/>\n\t<meta name=\"twitter:data1\" content=\"1 minute\" \/>\n<script type=\"application\/ld+json\" class=\"yoast-schema-graph\">{\"@context\":\"https:\/\/schema.org\",\"@graph\":[{\"@type\":\"WebPage\",\"@id\":\"https:\/\/vanessa-ruhtz.de\/en\/life-coaching-for-private-individuals\/\",\"url\":\"https:\/\/vanessa-ruhtz.de\/en\/life-coaching-for-private-individuals\/\",\"name\":\"Life Coaching for individuals - Vanessa Ruhtz Coaching\",\"isPartOf\":{\"@id\":\"https:\/\/vanessa-ruhtz.de\/en\/#website\"},\"datePublished\":\"2019-07-29T13:01:01+00:00\",\"dateModified\":\"2021-09-08T08:33:34+00:00\",\"breadcrumb\":{\"@id\":\"https:\/\/vanessa-ruhtz.de\/en\/life-coaching-for-private-individuals\/#breadcrumb\"},\"inLanguage\":\"en-US\",\"potentialAction\":[{\"@type\":\"ReadAction\",\"target\":[\"https:\/\/vanessa-ruhtz.de\/en\/life-coaching-for-private-individuals\/\"]}]},{\"@type\":\"BreadcrumbList\",\"@id\":\"https:\/\/vanessa-ruhtz.de\/en\/life-coaching-for-private-individuals\/#breadcrumb\",\"itemListElement\":[{\"@type\":\"ListItem\",\"position\":1,\"name\":\"Startseite\",\"item\":\"https:\/\/vanessa-ruhtz.de\/en\/\"},{\"@type\":\"ListItem\",\"position\":2,\"name\":\"Life Coaching for individuals\"}]},{\"@type\":\"WebSite\",\"@id\":\"https:\/\/vanessa-ruhtz.de\/en\/#website\",\"url\":\"https:\/\/vanessa-ruhtz.de\/en\/\",\"name\":\"Vanessa Ruhtz Coaching\",\"description\":\"Coaching f\u00fcr Unternehmen, F\u00fchrungskr\u00e4fte und Privatpersonen | Vanessa Ruhtz\",\"publisher\":{\"@id\":\"https:\/\/vanessa-ruhtz.de\/en\/#organization\"},\"potentialAction\":[{\"@type\":\"SearchAction\",\"target\":{\"@type\":\"EntryPoint\",\"urlTemplate\":\"https:\/\/vanessa-ruhtz.de\/en\/?s={search_term_string}\"},\"query-input\":\"required name=search_term_string\"}],\"inLanguage\":\"en-US\"},{\"@type\":\"Organization\",\"@id\":\"https:\/\/vanessa-ruhtz.de\/en\/#organization\",\"name\":\"Vanessa Ruhtz\",\"url\":\"https:\/\/vanessa-ruhtz.de\/en\/\",\"sameAs\":[],\"logo\":{\"@type\":\"ImageObject\",\"inLanguage\":\"en-US\",\"@id\":\"https:\/\/vanessa-ruhtz.de\/en\/#\/schema\/logo\/image\/\",\"url\":\"https:\/\/vanessa-ruhtz.de\/wp-content\/uploads\/2019\/06\/logo_blue_150-1-e1562153229328.png\",\"contentUrl\":\"https:\/\/vanessa-ruhtz.de\/wp-content\/uploads\/2019\/06\/logo_blue_150-1-e1562153229328.png\",\"width\":900,\"height\":216,\"caption\":\"Vanessa Ruhtz\"},\"image\":{\"@id\":\"https:\/\/vanessa-ruhtz.de\/en\/#\/schema\/logo\/image\/\"}}]}<\/script>\n<!-- \/ Yoast SEO plugin. -->","yoast_head_json":{"title":"Life Coaching for individuals - Vanessa Ruhtz Coaching","robots":{"index":"index","follow":"follow","max-snippet":"max-snippet:-1","max-image-preview":"max-image-preview:large","max-video-preview":"max-video-preview:-1"},"canonical":"https:\/\/vanessa-ruhtz.de\/en\/life-coaching-for-private-individuals\/","og_locale":"en_US","og_type":"article","og_title":"Life Coaching for individuals - Vanessa Ruhtz Coaching","og_description":"For Individuals Life Coaching for individuals You&#8217;re wondering, what do I really want? What are my goals? What gives me energy? How do I break out of familiar paths? How do I find my inner balance? Which job suits me best? What does happiness mean to me? As a coach I help people to find &hellip; Life Coaching for individuals Read More &raquo;","og_url":"https:\/\/vanessa-ruhtz.de\/en\/life-coaching-for-private-individuals\/","og_site_name":"Vanessa Ruhtz Coaching","article_modified_time":"2021-09-08T08:33:34+00:00","twitter_card":"summary_large_image","twitter_misc":{"Est. reading time":"1 minute"},"schema":{"@context":"https:\/\/schema.org","@graph":[{"@type":"WebPage","@id":"https:\/\/vanessa-ruhtz.de\/en\/life-coaching-for-private-individuals\/","url":"https:\/\/vanessa-ruhtz.de\/en\/life-coaching-for-private-individuals\/","name":"Life Coaching for individuals - Vanessa Ruhtz Coaching","isPartOf":{"@id":"https:\/\/vanessa-ruhtz.de\/en\/#website"},"datePublished":"2019-07-29T13:01:01+00:00","dateModified":"2021-09-08T08:33:34+00:00","breadcrumb":{"@id":"https:\/\/vanessa-ruhtz.de\/en\/life-coaching-for-private-individuals\/#breadcrumb"},"inLanguage":"en-US","potentialAction":[{"@type":"ReadAction","target":["https:\/\/vanessa-ruhtz.de\/en\/life-coaching-for-private-individuals\/"]}]},{"@type":"BreadcrumbList","@id":"https:\/\/vanessa-ruhtz.de\/en\/life-coaching-for-private-individuals\/#breadcrumb","itemListElement":[{"@type":"ListItem","position":1,"name":"Startseite","item":"https:\/\/vanessa-ruhtz.de\/en\/"},{"@type":"ListItem","position":2,"name":"Life Coaching for individuals"}]},{"@type":"WebSite","@id":"https:\/\/vanessa-ruhtz.de\/en\/#website","url":"https:\/\/vanessa-ruhtz.de\/en\/","name":"Vanessa Ruhtz Coaching","description":"Coaching f\u00fcr Unternehmen, F\u00fchrungskr\u00e4fte und Privatpersonen | Vanessa Ruhtz","publisher":{"@id":"https:\/\/vanessa-ruhtz.de\/en\/#organization"},"potentialAction":[{"@type":"SearchAction","target":{"@type":"EntryPoint","urlTemplate":"https:\/\/vanessa-ruhtz.de\/en\/?s={search_term_string}"},"query-input":"required name=search_term_string"}],"inLanguage":"en-US"},{"@type":"Organization","@id":"https:\/\/vanessa-ruhtz.de\/en\/#organization","name":"Vanessa Ruhtz","url":"https:\/\/vanessa-ruhtz.de\/en\/","sameAs":[],"logo":{"@type":"ImageObject","inLanguage":"en-US","@id":"https:\/\/vanessa-ruhtz.de\/en\/#\/schema\/logo\/image\/","url":"https:\/\/vanessa-ruhtz.de\/wp-content\/uploads\/2019\/06\/logo_blue_150-1-e1562153229328.png","contentUrl":"https:\/\/vanessa-ruhtz.de\/wp-content\/uploads\/2019\/06\/logo_blue_150-1-e1562153229328.png","width":900,"height":216,"caption":"Vanessa Ruhtz"},"image":{"@id":"https:\/\/vanessa-ruhtz.de\/en\/#\/schema\/logo\/image\/"}}]}},"uagb_featured_image_src":{"full":false,"thumbnail":false,"medium":false,"medium_large":false,"large":false,"1536x1536":false,"2048x2048":false},"uagb_author_info":{"display_name":"Van356a","author_link":"https:\/\/vanessa-ruhtz.de\/en\/author\/van356a\/"},"uagb_comment_info":0,"uagb_excerpt":"For Individuals Life Coaching for individuals You&#8217;re wondering, what do I really want? What are my goals? What gives me energy? How do I break out of familiar paths? How do I find my inner balance? Which job suits me best? What does happiness mean to me? As a coach I help people to find&hellip;","_links":{"self":[{"href":"https:\/\/vanessa-ruhtz.de\/en\/wp-json\/wp\/v2\/pages\/2760"}],"collection":[{"href":"https:\/\/vanessa-ruhtz.de\/en\/wp-json\/wp\/v2\/pages"}],"about":[{"href":"https:\/\/vanessa-ruhtz.de\/en\/wp-json\/wp\/v2\/types\/page"}],"author":[{"embeddable":true,"href":"https:\/\/vanessa-ruhtz.de\/en\/wp-json\/wp\/v2\/users\/1"}],"replies":[{"embeddable":true,"href":"https:\/\/vanessa-ruhtz.de\/en\/wp-json\/wp\/v2\/comments?post=2760"}],"version-history":[{"count":71,"href":"https:\/\/vanessa-ruhtz.de\/en\/wp-json\/wp\/v2\/pages\/2760\/revisions"}],"predecessor-version":[{"id":3571,"href":"https:\/\/vanessa-ruhtz.de\/en\/wp-json\/wp\/v2\/pages\/2760\/revisions\/3571"}],"wp:attachment":[{"href":"https:\/\/vanessa-ruhtz.de\/en\/wp-json\/wp\/v2\/media?parent=2760"}],"curies":[{"name":"wp","href":"https:\/\/api.w.org\/{rel}","templated":true}]}}